{"id":14,"date":"2023-12-24T21:55:34","date_gmt":"2023-12-24T21:55:34","guid":{"rendered":"https:\/\/atlantidoc.com\/site\/?page_id=14"},"modified":"2024-02-20T11:21:06","modified_gmt":"2024-02-20T11:21:06","slug":"equipo","status":"publish","type":"page","link":"https:\/\/atlantidoc.com\/site\/equipo\/","title":{"rendered":"Equipo"},"content":{"rendered":"\t\t<div data-elementor-type=\"wp-page\" data-elementor-id=\"14\" class=\"elementor elementor-14\" data-elementor-post-type=\"page\">\n\t\t\t\t<div class=\"elementor-element elementor-element-a6965a8 e-flex e-con-boxed e-con e-parent\" data-id=\"a6965a8\" data-element_type=\"container\" data-settings=\"{&quot;background_background&quot;:&quot;classic&quot;,&quot;ekit_has_onepagescroll_dot&quot;:&quot;yes&quot;}\">\n\t\t\t\t\t<div class=\"e-con-inner\">\n\t\t\t\t<div class=\"elementor-element elementor-element-7fffda9 elementor-widget elementor-widget-heading\" data-id=\"7fffda9\" data-element_type=\"widget\" data-settings=\"{&quot;ekit_we_effect_on&quot;:&quot;none&quot;}\" data-widget_type=\"heading.default\">\n\t\t\t\t<div class=\"elementor-widget-container\">\n\t\t\t\t\t<h1 class=\"elementor-heading-title elementor-size-default\">EQUIPO<\/h1>\t\t\t\t<\/div>\n\t\t\t\t<\/div>\n\t\t\t\t\t<\/div>\n\t\t\t\t<\/div>\n\t\t<div class=\"elementor-element elementor-element-b47cdb5 e-flex e-con-boxed e-con e-parent\" data-id=\"b47cdb5\" data-element_type=\"container\" data-settings=\"{&quot;ekit_has_onepagescroll_dot&quot;:&quot;yes&quot;}\">\n\t\t\t\t\t<div class=\"e-con-inner\">\n\t\t\t\t<div class=\"elementor-element elementor-element-b65312b elementor-widget elementor-widget-spacer\" data-id=\"b65312b\" data-element_type=\"widget\" data-settings=\"{&quot;ekit_we_effect_on&quot;:&quot;none&quot;}\" data-widget_type=\"spacer.default\">\n\t\t\t\t<div class=\"elementor-widget-container\">\n\t\t\t\t\t\t\t<div class=\"elementor-spacer\">\n\t\t\t<div class=\"elementor-spacer-inner\"><\/div>\n\t\t<\/div>\n\t\t\t\t\t\t<\/div>\n\t\t\t\t<\/div>\n\t\t\t\t<div class=\"elementor-element elementor-element-55629f4 elementor-widget elementor-widget-text-editor\" data-id=\"55629f4\" data-element_type=\"widget\" data-settings=\"{&quot;ekit_we_effect_on&quot;:&quot;none&quot;}\" data-widget_type=\"text-editor.default\">\n\t\t\t\t<div class=\"elementor-widget-container\">\n\t\t\t\t\t\t\t\t\t<h6><b><img fetchpriority=\"high\" decoding=\"async\" class=\"alignright wp-image-977\" src=\"https:\/\/atlantidoc.com\/site\/wp-content\/uploads\/2024\/01\/Staff-Ricardo-2-e1704207207803.png\" alt=\"\" width=\"291\" height=\"291\" data-wp-editing=\"1\" \/><b style=\"font-family: Geometric415, Helvetica, Arial, sans-serif; font-style: inherit; text-transform: uppercase; text-align: var(--text-align); background-color: var(--ast-global-color-5); color: var( --e-global-color-text ); font-size: 1.5rem;\"><\/b><\/b><b><b style=\"font-family: Geometric415, Helvetica, Arial, sans-serif; font-style: inherit; text-transform: uppercase; text-align: var(--text-align); background-color: var(--ast-global-color-5); color: var( --e-global-color-text ); font-size: 1.5rem;\"><\/b><\/b><b style=\"font-family: Geometric415, Helvetica, Arial, sans-serif; font-style: inherit; text-transform: uppercase; text-align: var(--text-align); background-color: var(--ast-global-color-5); color: var( --e-global-color-text ); font-size: 1.7rem;\"><b><span style=\"color: #ffcc00;\"><span style=\"color: #fac800;\">RICARDO CASAS<\/span><br \/><\/span><\/b><\/b><span style=\"color: #808080;\"><em>Fundador y Director<\/em><\/span><\/h6><p>Estudi\u00f3 cine en Uruguay (Cinemateca Uruguaya) y el extranjero (Brasil, Suiza, Argentina) entre 1974 y 1990. Trabaj\u00f3 12 a\u00f1os en el Departamento de Microfilmaci\u00f3n del Diario Oficial. Trabaj\u00f3 durante 29 a\u00f1os en Cinemateca Uruguaya, b\u00e1sicamente en la coordinaci\u00f3n de la instituci\u00f3n, donde se cre\u00f3 el Festival Cinematogr\u00e1fico Internacional del Uruguay, en 1982. En 1991 crea el \u201cEspacio Uruguay\u201d dentro del Festival Internacional. Dirigi\u00f3 Divercine, el Festival Internacional de Cine para Ni\u00f1os y J\u00f3venes del Uruguay, desde 1992 hasta 2021 ininterrumpidamente. Tambi\u00e9n reabri\u00f3 la Escuela de Cinematrograf\u00eda de Cinemateca Uruguaya, en 1995, junto a Beatriz Flores. <br \/><br \/>Organiza Atlantidoc, el Festival Internacional de Cine Documental del Uruguay, desde 2007, con un \u00e9nfasis importante en la formaci\u00f3n profesional. Ha participado de varios jurados de festivales de cine y TV de todo el mundo, desde Gramado a Sichuan. Public\u00f3 4 libros sobre cine y ha escrito varios art\u00edculos en diferentes libros y revistas especializadas.<br \/>Cre\u00f3 la empresa \u201cLa compa\u00f1\u00eda del cine\u201d en octubre de 2010 para producir y difundir el cine uruguayo y obras de calidad de todo el mundo.<br \/><br \/>Dirigi\u00f3 5 documentales entre 1998 y 2024, todos sobre personajes de la cultura art\u00edstica y, el \u00faltimo, sobre un tema de profundo inter\u00e9s social. Ganador del Morosoli de plata a la Gesti\u00f3n Cultural, en 2019. Termin\u00f3 el 2022 con Premio a la Trayectoria de la Asociaci\u00f3n de Cr\u00edticos Cinematogr\u00e1ficos del Uruguay y Premio a la Trayectoria del Ministerio de Educaci\u00f3n y Cultura de Uruguay. Actualmente coproduciendo un documental de Miguel Presno \u201cMemoria sumergida\u201d, otro de Juan Pablo Lepra Oliver \u201cEntre el cine y el mar\u201d y una serie documental propia sobre el expresidente M\u00e1ximo Santos.<\/p>\t\t\t\t\t\t\t\t<\/div>\n\t\t\t\t<\/div>\n\t\t\t\t<div class=\"elementor-element elementor-element-f3ea99d elementor-widget elementor-widget-image\" data-id=\"f3ea99d\" data-element_type=\"widget\" data-settings=\"{&quot;ekit_we_effect_on&quot;:&quot;none&quot;}\" data-widget_type=\"image.default\">\n\t\t\t\t<div class=\"elementor-widget-container\">\n\t\t\t\t\t\t\t\t\t\t\t\t\t\t\t<img decoding=\"async\" width=\"500\" height=\"433\" src=\"https:\/\/atlantidoc.com\/site\/wp-content\/uploads\/2024\/01\/01-la-compania-cine-logo-edit-500x433.png\" class=\"attachment-medium size-medium wp-image-698\" alt=\"\" \/>\t\t\t\t\t\t\t\t\t\t\t\t\t\t\t<\/div>\n\t\t\t\t<\/div>\n\t\t\t\t<div class=\"elementor-element elementor-element-3046acd elementor-widget elementor-widget-spacer\" data-id=\"3046acd\" data-element_type=\"widget\" data-settings=\"{&quot;ekit_we_effect_on&quot;:&quot;none&quot;}\" data-widget_type=\"spacer.default\">\n\t\t\t\t<div class=\"elementor-widget-container\">\n\t\t\t\t\t\t\t<div class=\"elementor-spacer\">\n\t\t\t<div class=\"elementor-spacer-inner\"><\/div>\n\t\t<\/div>\n\t\t\t\t\t\t<\/div>\n\t\t\t\t<\/div>\n\t\t\t\t\t<\/div>\n\t\t\t\t<\/div>\n\t\t<div class=\"elementor-element elementor-element-6061fa0 e-flex e-con-boxed e-con e-parent\" data-id=\"6061fa0\" data-element_type=\"container\" data-settings=\"{&quot;background_background&quot;:&quot;classic&quot;,&quot;ekit_has_onepagescroll_dot&quot;:&quot;yes&quot;}\">\n\t\t\t\t\t<div class=\"e-con-inner\">\n\t\t\t\t<div class=\"elementor-element elementor-element-3eedf6c elementor-widget elementor-widget-spacer\" data-id=\"3eedf6c\" data-element_type=\"widget\" data-settings=\"{&quot;ekit_we_effect_on&quot;:&quot;none&quot;}\" data-widget_type=\"spacer.default\">\n\t\t\t\t<div class=\"elementor-widget-container\">\n\t\t\t\t\t\t\t<div class=\"elementor-spacer\">\n\t\t\t<div class=\"elementor-spacer-inner\"><\/div>\n\t\t<\/div>\n\t\t\t\t\t\t<\/div>\n\t\t\t\t<\/div>\n\t\t\t\t<div class=\"elementor-element elementor-element-4dcafc3 elementor-widget elementor-widget-heading\" data-id=\"4dcafc3\" data-element_type=\"widget\" data-settings=\"{&quot;ekit_we_effect_on&quot;:&quot;none&quot;}\" data-widget_type=\"heading.default\">\n\t\t\t\t<div class=\"elementor-widget-container\">\n\t\t\t\t\t<h2 class=\"elementor-heading-title elementor-size-default\">RESPONSABLES DEL FESTIVAL<\/h2>\t\t\t\t<\/div>\n\t\t\t\t<\/div>\n\t\t\t\t<div class=\"elementor-element elementor-element-eb2ac95 elementor-widget__width-inherit elementor-widget elementor-widget-text-editor\" data-id=\"eb2ac95\" data-element_type=\"widget\" data-settings=\"{&quot;ekit_we_effect_on&quot;:&quot;none&quot;}\" data-widget_type=\"text-editor.default\">\n\t\t\t\t<div class=\"elementor-widget-container\">\n\t\t\t\t\t\t\t\t\t<p style=\"text-align: left;\">Director de programaci\u00f3n<br \/><strong>Ricardo Casas<\/strong><\/p><p>Comisi\u00f3n de programaci\u00f3n<br \/><strong>Miguel Presno y M\u00f3nica Leir\u00f3s<\/strong><\/p><p>Proyecto Filmadoc<br \/><strong>Mesa de Cine y Educaci\u00f3n<\/strong><\/p><p>Salas de Canelones<br \/><strong>Juan C. Montelongo<\/strong><\/p><p>Casa de la Cultura Jos\u00e9 E. Rod\u00f3<br \/><strong>Patricia Bogliolo<\/strong><\/p><p>Espacio Carlos Alfredo<br \/><strong>Lucio Mart\u00ednez Garc\u00e9s<\/strong><\/p><p>Salas de Colonia<br \/><strong><span style=\"font-size: 16px;\">Eduardo Barale<\/span><\/strong><\/p><p>Salas de Maldonado<br \/><strong>Guillermo Pastor<\/strong><\/p><p>Salas de Salto<br \/><strong>Fernando Alonso<\/strong><\/p><p>Sala de Rocha<br \/><strong>Rodrigo Magallanes<\/strong><\/p><p>Salas de barrios de Montevideo<br \/><strong>Melina Sicalos y Daniel Fern\u00e1ndez<\/strong><\/p><p>Centro Cultural de Espa\u00f1a<br \/><strong>Miguel Alejos<\/strong><\/p><p>Centro Cultural Tribu\/C\u00f3smica<br \/><strong>Nicol\u00e1s Spinoza, Silvana Camors<\/strong><\/p><p>Canal 5<br \/><strong>Carlos Mu\u00f1oz, Alina Bazzani<\/strong><\/p><p>TV Ciudad<br \/><strong>Pablo Arriola<\/strong><\/p><p>Redes de comunicaci\u00f3n<br \/><strong>Germ\u00e1n Barreiro<\/strong><\/p><p>Transportes<br \/><strong>C\u00e9sar Brizuela<\/strong><\/p><p>Dise\u00f1o del Afiche y Cat\u00e1logo<br \/><strong>Sebasti\u00e1n Santana<\/strong><\/p><p>Impresi\u00f3n del Afiches<br \/><strong>Layer Ploteos<\/strong><\/p><p>Dise\u00f1o del Spot Televisivo<br \/><strong>Enrique \u201cPopi\u201d Pereira (Coyote)<\/strong><\/p><p>Edici\u00f3n digital<br \/><strong>Carlos Rodr\u00edguez &#8211; Multimagen<\/strong><\/p><p>Asesoramiento legal<br \/><strong>Dra. Daniela Blanchet<\/strong><\/p><p>Asesoramiento contable<br \/><strong>Cra. Beatriz Vico<\/strong><\/p><p>Productor<br \/><strong>Juan Miguel Mello<\/strong><\/p><p>Dise\u00f1o Web y Webmaster<br \/><strong>Johan Bergh<\/strong><\/p>\t\t\t\t\t\t\t\t<\/div>\n\t\t\t\t<\/div>\n\t\t\t\t\t<\/div>\n\t\t\t\t<\/div>\n\t\t\t\t<\/div>\n\t\t","protected":false},"excerpt":{"rendered":"<p>EQUIPO RICARDO CASASFundador y Director Estudi\u00f3 cine en Uruguay (Cinemateca Uruguaya) y el extranjero (Brasil, Suiza, Argentina) entre 1974 y 1990. Trabaj\u00f3 12 a\u00f1os en el Departamento de Microfilmaci\u00f3n del Diario Oficial. Trabaj\u00f3 durante 29 a\u00f1os en Cinemateca Uruguaya, b\u00e1sicamente en la coordinaci\u00f3n de la instituci\u00f3n, donde se cre\u00f3 el Festival Cinematogr\u00e1fico Internacional del Uruguay, [&hellip;]<\/p>\n","protected":false},"author":1,"featured_media":0,"parent":0,"menu_order":0,"comment_status":"closed","ping_status":"closed","template":"","meta":{"site-sidebar-layout":"no-sidebar","site-content-layout":"","ast-site-content-layout":"full-width-container","site-content-style":"default","site-sidebar-style":"default","ast-global-header-display":"","ast-banner-title-visibility":"","ast-main-header-display":"","ast-hfb-above-header-display":"","ast-hfb-below-header-display":"","ast-hfb-mobile-header-display":"","site-post-title":"disabled","ast-breadcrumbs-content":"","ast-featured-img":"disabled","footer-sml-layout":"","theme-transparent-header-meta":"","adv-header-id-meta":"","stick-header-meta":"","header-above-stick-meta":"","header-main-stick-meta":"","header-below-stick-meta":"","astra-migrate-meta-layouts":"default","ast-page-background-enabled":"default","ast-page-background-meta":{"desktop":{"background-color":"var(--ast-global-color-4)","background-image":"","background-repeat":"repeat","background-position":"center center","background-size":"auto","background-attachment":"scroll","background-type":"","background-media":"","overlay-type":"","overlay-color":"","overlay-opacity":"","overlay-gradient":""},"tablet":{"background-color":"","background-image":"","background-repeat":"repeat","background-position":"center center","background-size":"auto","background-attachment":"scroll","background-type":"","background-media":"","overlay-type":"","overlay-color":"","overlay-opacity":"","overlay-gradient":""},"mobile":{"background-color":"","background-image":"","background-repeat":"repeat","background-position":"center center","background-size":"auto","background-attachment":"scroll","background-type":"","background-media":"","overlay-type":"","overlay-color":"","overlay-opacity":"","overlay-gradient":""}},"ast-content-background-meta":{"desktop":{"background-color":"var(--ast-global-color-5)","background-image":"","background-repeat":"repeat","background-position":"center center","background-size":"auto","background-attachment":"scroll","background-type":"","background-media":"","overlay-type":"","overlay-color":"","overlay-opacity":"","overlay-gradient":""},"tablet":{"background-color":"var(--ast-global-color-5)","background-image":"","background-repeat":"repeat","background-position":"center center","background-size":"auto","background-attachment":"scroll","background-type":"","background-media":"","overlay-type":"","overlay-color":"","overlay-opacity":"","overlay-gradient":""},"mobile":{"background-color":"var(--ast-global-color-5)","background-image":"","background-repeat":"repeat","background-position":"center center","background-size":"auto","background-attachment":"scroll","background-type":"","background-media":"","overlay-type":"","overlay-color":"","overlay-opacity":"","overlay-gradient":""}},"footnotes":""},"class_list":["post-14","page","type-page","status-publish","hentry"],"yoast_head":"<!-- This site is optimized with the Yoast SEO plugin v27.2 - https:\/\/yoast.com\/product\/yoast-seo-wordpress\/ -->\n<title>Equipo -<\/title>\n<meta name=\"robots\" content=\"index, follow, max-snippet:-1, max-image-preview:large, max-video-preview:-1\" \/>\n<link rel=\"canonical\" href=\"https:\/\/atlantidoc.com\/site\/equipo\/\" \/>\n<meta property=\"og:locale\" content=\"es_ES\" \/>\n<meta property=\"og:type\" content=\"article\" \/>\n<meta property=\"og:title\" content=\"Equipo -\" \/>\n<meta property=\"og:description\" content=\"EQUIPO RICARDO CASASFundador y Director Estudi\u00f3 cine en Uruguay (Cinemateca Uruguaya) y el extranjero (Brasil, Suiza, Argentina) entre 1974 y 1990. Trabaj\u00f3 12 a\u00f1os en el Departamento de Microfilmaci\u00f3n del Diario Oficial. Trabaj\u00f3 durante 29 a\u00f1os en Cinemateca Uruguaya, b\u00e1sicamente en la coordinaci\u00f3n de la instituci\u00f3n, donde se cre\u00f3 el Festival Cinematogr\u00e1fico Internacional del Uruguay, [&hellip;]\" \/>\n<meta property=\"og:url\" content=\"https:\/\/atlantidoc.com\/site\/equipo\/\" \/>\n<meta property=\"article:modified_time\" content=\"2024-02-20T11:21:06+00:00\" \/>\n<meta property=\"og:image\" content=\"https:\/\/atlantidoc.com\/site\/wp-content\/uploads\/2024\/01\/Staff-Ricardo-2-1000x867.png\" \/>\n\t<meta property=\"og:image:width\" content=\"1000\" \/>\n\t<meta property=\"og:image:height\" content=\"867\" \/>\n\t<meta property=\"og:image:type\" content=\"image\/png\" \/>\n<meta name=\"twitter:card\" content=\"summary_large_image\" \/>\n<meta name=\"twitter:label1\" content=\"Est. reading time\" \/>\n\t<meta name=\"twitter:data1\" content=\"2 minutos\" \/>\n<script type=\"application\/ld+json\" class=\"yoast-schema-graph\">{\"@context\":\"https:\/\/schema.org\",\"@graph\":[{\"@type\":\"WebPage\",\"@id\":\"https:\/\/atlantidoc.com\/site\/equipo\/\",\"url\":\"https:\/\/atlantidoc.com\/site\/equipo\/\",\"name\":\"Equipo -\",\"isPartOf\":{\"@id\":\"https:\/\/atlantidoc.com\/site\/#website\"},\"primaryImageOfPage\":{\"@id\":\"https:\/\/atlantidoc.com\/site\/equipo\/#primaryimage\"},\"image\":{\"@id\":\"https:\/\/atlantidoc.com\/site\/equipo\/#primaryimage\"},\"thumbnailUrl\":\"https:\/\/atlantidoc.com\/site\/wp-content\/uploads\/2024\/01\/Staff-Ricardo-2-e1704207207803.png\",\"datePublished\":\"2023-12-24T21:55:34+00:00\",\"dateModified\":\"2024-02-20T11:21:06+00:00\",\"breadcrumb\":{\"@id\":\"https:\/\/atlantidoc.com\/site\/equipo\/#breadcrumb\"},\"inLanguage\":\"es-UY\",\"potentialAction\":[{\"@type\":\"ReadAction\",\"target\":[\"https:\/\/atlantidoc.com\/site\/equipo\/\"]}]},{\"@type\":\"ImageObject\",\"inLanguage\":\"es-UY\",\"@id\":\"https:\/\/atlantidoc.com\/site\/equipo\/#primaryimage\",\"url\":\"https:\/\/atlantidoc.com\/site\/wp-content\/uploads\/2024\/01\/Staff-Ricardo-2-e1704207207803.png\",\"contentUrl\":\"https:\/\/atlantidoc.com\/site\/wp-content\/uploads\/2024\/01\/Staff-Ricardo-2-e1704207207803.png\",\"width\":500,\"height\":500},{\"@type\":\"BreadcrumbList\",\"@id\":\"https:\/\/atlantidoc.com\/site\/equipo\/#breadcrumb\",\"itemListElement\":[{\"@type\":\"ListItem\",\"position\":1,\"name\":\"Home\",\"item\":\"https:\/\/atlantidoc.com\/site\/\"},{\"@type\":\"ListItem\",\"position\":2,\"name\":\"Equipo\"}]},{\"@type\":\"WebSite\",\"@id\":\"https:\/\/atlantidoc.com\/site\/#website\",\"url\":\"https:\/\/atlantidoc.com\/site\/\",\"name\":\"ATLANTIDOC.COM\",\"description\":\"Atlantidoc - Festival Internacional de Cine Documental de Uruguay\",\"publisher\":{\"@id\":\"https:\/\/atlantidoc.com\/site\/#organization\"},\"potentialAction\":[{\"@type\":\"SearchAction\",\"target\":{\"@type\":\"EntryPoint\",\"urlTemplate\":\"https:\/\/atlantidoc.com\/site\/?s={search_term_string}\"},\"query-input\":{\"@type\":\"PropertyValueSpecification\",\"valueRequired\":true,\"valueName\":\"search_term_string\"}}],\"inLanguage\":\"es-UY\"},{\"@type\":\"Organization\",\"@id\":\"https:\/\/atlantidoc.com\/site\/#organization\",\"name\":\"ATLANTIDOC\",\"url\":\"https:\/\/atlantidoc.com\/site\/\",\"logo\":{\"@type\":\"ImageObject\",\"inLanguage\":\"es-UY\",\"@id\":\"https:\/\/atlantidoc.com\/site\/#\/schema\/logo\/image\/\",\"url\":\"https:\/\/atlantidoc.com\/site\/wp-content\/uploads\/2024\/01\/ATLANTIDOC-LOGO-Header-03-yellow-02-01.png\",\"contentUrl\":\"https:\/\/atlantidoc.com\/site\/wp-content\/uploads\/2024\/01\/ATLANTIDOC-LOGO-Header-03-yellow-02-01.png\",\"width\":1460,\"height\":268,\"caption\":\"ATLANTIDOC\"},\"image\":{\"@id\":\"https:\/\/atlantidoc.com\/site\/#\/schema\/logo\/image\/\"}}]}<\/script>\n<!-- \/ Yoast SEO plugin. -->","yoast_head_json":{"title":"Equipo -","robots":{"index":"index","follow":"follow","max-snippet":"max-snippet:-1","max-image-preview":"max-image-preview:large","max-video-preview":"max-video-preview:-1"},"canonical":"https:\/\/atlantidoc.com\/site\/equipo\/","og_locale":"es_ES","og_type":"article","og_title":"Equipo -","og_description":"EQUIPO RICARDO CASASFundador y Director Estudi\u00f3 cine en Uruguay (Cinemateca Uruguaya) y el extranjero (Brasil, Suiza, Argentina) entre 1974 y 1990. Trabaj\u00f3 12 a\u00f1os en el Departamento de Microfilmaci\u00f3n del Diario Oficial. Trabaj\u00f3 durante 29 a\u00f1os en Cinemateca Uruguaya, b\u00e1sicamente en la coordinaci\u00f3n de la instituci\u00f3n, donde se cre\u00f3 el Festival Cinematogr\u00e1fico Internacional del Uruguay, [&hellip;]","og_url":"https:\/\/atlantidoc.com\/site\/equipo\/","article_modified_time":"2024-02-20T11:21:06+00:00","og_image":[{"width":1000,"height":867,"url":"https:\/\/atlantidoc.com\/site\/wp-content\/uploads\/2024\/01\/Staff-Ricardo-2-1000x867.png","type":"image\/png"}],"twitter_card":"summary_large_image","twitter_misc":{"Est. reading time":"2 minutos"},"schema":{"@context":"https:\/\/schema.org","@graph":[{"@type":"WebPage","@id":"https:\/\/atlantidoc.com\/site\/equipo\/","url":"https:\/\/atlantidoc.com\/site\/equipo\/","name":"Equipo -","isPartOf":{"@id":"https:\/\/atlantidoc.com\/site\/#website"},"primaryImageOfPage":{"@id":"https:\/\/atlantidoc.com\/site\/equipo\/#primaryimage"},"image":{"@id":"https:\/\/atlantidoc.com\/site\/equipo\/#primaryimage"},"thumbnailUrl":"https:\/\/atlantidoc.com\/site\/wp-content\/uploads\/2024\/01\/Staff-Ricardo-2-e1704207207803.png","datePublished":"2023-12-24T21:55:34+00:00","dateModified":"2024-02-20T11:21:06+00:00","breadcrumb":{"@id":"https:\/\/atlantidoc.com\/site\/equipo\/#breadcrumb"},"inLanguage":"es-UY","potentialAction":[{"@type":"ReadAction","target":["https:\/\/atlantidoc.com\/site\/equipo\/"]}]},{"@type":"ImageObject","inLanguage":"es-UY","@id":"https:\/\/atlantidoc.com\/site\/equipo\/#primaryimage","url":"https:\/\/atlantidoc.com\/site\/wp-content\/uploads\/2024\/01\/Staff-Ricardo-2-e1704207207803.png","contentUrl":"https:\/\/atlantidoc.com\/site\/wp-content\/uploads\/2024\/01\/Staff-Ricardo-2-e1704207207803.png","width":500,"height":500},{"@type":"BreadcrumbList","@id":"https:\/\/atlantidoc.com\/site\/equipo\/#breadcrumb","itemListElement":[{"@type":"ListItem","position":1,"name":"Home","item":"https:\/\/atlantidoc.com\/site\/"},{"@type":"ListItem","position":2,"name":"Equipo"}]},{"@type":"WebSite","@id":"https:\/\/atlantidoc.com\/site\/#website","url":"https:\/\/atlantidoc.com\/site\/","name":"ATLANTIDOC.COM","description":"Atlantidoc - Festival Internacional de Cine Documental de Uruguay","publisher":{"@id":"https:\/\/atlantidoc.com\/site\/#organization"},"potentialAction":[{"@type":"SearchAction","target":{"@type":"EntryPoint","urlTemplate":"https:\/\/atlantidoc.com\/site\/?s={search_term_string}"},"query-input":{"@type":"PropertyValueSpecification","valueRequired":true,"valueName":"search_term_string"}}],"inLanguage":"es-UY"},{"@type":"Organization","@id":"https:\/\/atlantidoc.com\/site\/#organization","name":"ATLANTIDOC","url":"https:\/\/atlantidoc.com\/site\/","logo":{"@type":"ImageObject","inLanguage":"es-UY","@id":"https:\/\/atlantidoc.com\/site\/#\/schema\/logo\/image\/","url":"https:\/\/atlantidoc.com\/site\/wp-content\/uploads\/2024\/01\/ATLANTIDOC-LOGO-Header-03-yellow-02-01.png","contentUrl":"https:\/\/atlantidoc.com\/site\/wp-content\/uploads\/2024\/01\/ATLANTIDOC-LOGO-Header-03-yellow-02-01.png","width":1460,"height":268,"caption":"ATLANTIDOC"},"image":{"@id":"https:\/\/atlantidoc.com\/site\/#\/schema\/logo\/image\/"}}]}},"_links":{"self":[{"href":"https:\/\/atlantidoc.com\/site\/wp-json\/wp\/v2\/pages\/14","targetHints":{"allow":["GET"]}}],"collection":[{"href":"https:\/\/atlantidoc.com\/site\/wp-json\/wp\/v2\/pages"}],"about":[{"href":"https:\/\/atlantidoc.com\/site\/wp-json\/wp\/v2\/types\/page"}],"author":[{"embeddable":true,"href":"https:\/\/atlantidoc.com\/site\/wp-json\/wp\/v2\/users\/1"}],"replies":[{"embeddable":true,"href":"https:\/\/atlantidoc.com\/site\/wp-json\/wp\/v2\/comments?post=14"}],"version-history":[{"count":0,"href":"https:\/\/atlantidoc.com\/site\/wp-json\/wp\/v2\/pages\/14\/revisions"}],"wp:attachment":[{"href":"https:\/\/atlantidoc.com\/site\/wp-json\/wp\/v2\/media?parent=14"}],"curies":[{"name":"wp","href":"https:\/\/api.w.org\/{rel}","templated":true}]}}